{"id":90,"date":"2024-10-20T10:16:28","date_gmt":"2024-10-20T10:16:28","guid":{"rendered":"https:\/\/nursefinder.fi\/?page_id=90"},"modified":"2024-10-20T13:20:04","modified_gmt":"2024-10-20T13:20:04","slug":"patevoityminen-lahihoitajaksi","status":"publish","type":"page","link":"https:\/\/nursefinder.fi\/en\/patevoityminen-lahihoitajaksi\/","title":{"rendered":"Cap Training as Practical Nurse"},"content":{"rendered":"<div data-elementor-type=\"wp-page\" data-elementor-id=\"90\" class=\"elementor elementor-90\">\n\t\t\t\t<div class=\"elementor-element elementor-element-13a3ad6c e-flex e-con-boxed e-con e-parent\" data-id=\"13a3ad6c\" data-element_type=\"container\">\n\t\t\t\t\t<div class=\"e-con-inner\">\n\t\t\t\t<div class=\"elementor-element elementor-element-26f13349 elementor-widget elementor-widget-text-editor\" data-id=\"26f13349\" data-element_type=\"widget\" data-widget_type=\"text-editor.default\">\n\t\t\t\t<div class=\"elementor-widget-container\">\n\t\t\t\t\t\t\t<!-- wp:paragraph -->\n<p>The employee commits to continue the gap training in Finland to complete the Finnish professional qualification as a Practical Nurse and to become registered in julkiTerhikki, the Central Register of Health Care Professionals in Finland.<\/p>\n<!-- \/wp:paragraph --><!-- wp:paragraph -->\n<p>The apprenticeship gap training is arranged by several education providers in Finland. Here is an example of the Varia's <a href=\"https:\/\/varia.vantaa.fi\/fi\/palveluhakemisto\/palvelu\/oppisopimuskoulutus-variassa\" target=\"_blank\" rel=\"noopener\">apprenticeship training.<\/a>.<\/p>\n<!-- \/wp:paragraph --><!-- wp:paragraph -->\n<p>\u00a0<\/p>\n<!-- \/wp:paragraph -->\t\t\t\t\t\t<\/div>\n\t\t\t\t<\/div>\n\t\t\t\t\t<\/div>\n\t\t\t\t<\/div>\n\t\t<div class=\"elementor-element elementor-element-bfddd1c e-flex e-con-boxed e-con e-parent\" data-id=\"bfddd1c\" data-element_type=\"container\">\n\t\t\t\t\t<div class=\"e-con-inner\">\n\t\t\t\t<div class=\"elementor-element elementor-element-5998bb7 elementor-widget elementor-widget-button\" data-id=\"5998bb7\" data-element_type=\"widget\" data-widget_type=\"button.default\">\n\t\t\t\t<div class=\"elementor-widget-container\">\n\t\t\t\t\t<div class=\"elementor-button-wrapper\">\n\t\t\t<a class=\"elementor-button elementor-button-link elementor-size-sm\" href=\"https:\/\/nursefinder.fi\/en\/lahihoitajaksi-suomeen\/\">\n\t\t\t\t\t\t<span class=\"elementor-button-content-wrapper\">\n\t\t\t\t\t\t\t\t\t<span class=\"elementor-button-text\">Return<\/span>\n\t\t\t\t\t<\/span>\n\t\t\t\t\t<\/a>\n\t\t<\/div>\n\t\t\t\t<\/div>\n\t\t\t\t<\/div>\n\t\t\t\t\t<\/div>\n\t\t\t\t<\/div>\n\t\t\t\t<\/div>","protected":false},"excerpt":{"rendered":"<p>Ty\u00f6ntekij\u00e4 sitoutuu jatkamaan ty\u00f6nantajan tarjoamaa ilmaista t\u00e4ydennyskoulutusta Suomessa suorittaakseen suomalaisen l\u00e4jihoitajan ammattitutkinnon ja sen j\u00e4lkeen rekister\u00f6itym\u00e4\u00e4n Suomen terveydenhuollon ammattihenkil\u00f6iden keskusrekisteriin julkiTerhikkiin. L\u00e4hihoitajan oppisopimuskoulutusta j\u00e4rjest\u00e4v\u00e4t monet oppilaitokset ja lis\u00e4tietoja l\u00f6ytyy heid\u00e4n kotisivuiltaan. T\u00e4ss\u00e4 esimerkki Varian j\u00e4rjest\u00e4m\u00e4st\u00e4 oppisopimuskoulutuksesta. \u00a0 Palaa takaisin<\/p>","protected":false},"author":1,"featured_media":0,"parent":0,"menu_order":0,"comment_status":"closed","ping_status":"closed","template":"","meta":{"footnotes":""},"class_list":["post-90","page","type-page","status-publish","hentry"],"_links":{"self":[{"href":"https:\/\/nursefinder.fi\/en\/wp-json\/wp\/v2\/pages\/90"}],"collection":[{"href":"https:\/\/nursefinder.fi\/en\/wp-json\/wp\/v2\/pages"}],"about":[{"href":"https:\/\/nursefinder.fi\/en\/wp-json\/wp\/v2\/types\/page"}],"author":[{"embeddable":true,"href":"https:\/\/nursefinder.fi\/en\/wp-json\/wp\/v2\/users\/1"}],"replies":[{"embeddable":true,"href":"https:\/\/nursefinder.fi\/en\/wp-json\/wp\/v2\/comments?post=90"}],"version-history":[{"count":9,"href":"https:\/\/nursefinder.fi\/en\/wp-json\/wp\/v2\/pages\/90\/revisions"}],"predecessor-version":[{"id":159,"href":"https:\/\/nursefinder.fi\/en\/wp-json\/wp\/v2\/pages\/90\/revisions\/159"}],"wp:attachment":[{"href":"https:\/\/nursefinder.fi\/en\/wp-json\/wp\/v2\/media?parent=90"}],"curies":[{"name":"wp","href":"https:\/\/api.w.org\/{rel}","templated":true}]}}