{"id":88,"date":"2024-10-20T09:57:15","date_gmt":"2024-10-20T09:57:15","guid":{"rendered":"https:\/\/nursefinder.fi\/?page_id=88"},"modified":"2024-10-20T13:03:07","modified_gmt":"2024-10-20T13:03:07","slug":"relokaatio","status":"publish","type":"page","link":"https:\/\/nursefinder.fi\/en\/relokaatio\/","title":{"rendered":"Relocation"},"content":{"rendered":"<div data-elementor-type=\"wp-page\" data-elementor-id=\"88\" class=\"elementor elementor-88\">\n\t\t\t\t<div class=\"elementor-element elementor-element-8fb7bb e-flex e-con-boxed e-con e-parent\" data-id=\"8fb7bb\" data-element_type=\"container\">\n\t\t\t\t\t<div class=\"e-con-inner\">\n\t\t\t\t<div class=\"elementor-element elementor-element-4fb7142d elementor-widget elementor-widget-text-editor\" data-id=\"4fb7142d\" data-element_type=\"widget\" data-widget_type=\"text-editor.default\">\n\t\t\t\t<div class=\"elementor-widget-container\">\n\t\t\t\t\t\t\t<p><!-- wp:paragraph --><\/p>\n<p>The employee is responsible for being prepared for departure to Finland immediately after the language training is successfully completed in India or within six months thereafter with a four-week notice period. Nurse Finder will book the flight tickets to Finland as a group ticket in economy class.<\/p>\n<p><!-- \/wp:paragraph --><!-- wp:paragraph --><\/p>\n<p>Once the employee arrives in Finland, Nurse Finder will arrange the transportation from the airport to the apartment as well as assist the employee both with the statutory registrations and everyday issues that come as a result of living and working in Finland. Typically, the work starts on the second or third day after arriving in Finland. The employer nominates the supervisor for each employee who is in charge of the workplace orientation.<\/p>\n<p><!-- \/wp:paragraph --><!-- wp:paragraph --><\/p>\n<p>Nurse Finder will have WhatsApp, phone, and social media (e.g. Facebook) support for employees and their families within the first year of living in Finland.<\/p>\n<p>In Finland the employee has a right to take an emergency leave and travel to India only in case his\/her immediate family member (parent, spouse, or child) is seriously ill or dies in India. The length of the leave shall be mutually agreed between the employer and the employee before travel. The employee shall provide reliable evidence of the event and take care of all travel arrangements and costs.<\/p>\n<p><!-- \/wp:paragraph --><\/p>\t\t\t\t\t\t<\/div>\n\t\t\t\t<\/div>\n\t\t\t\t\t<\/div>\n\t\t\t\t<\/div>\n\t\t<div class=\"elementor-element elementor-element-53776c0 e-flex e-con-boxed e-con e-parent\" data-id=\"53776c0\" data-element_type=\"container\">\n\t\t\t\t\t<div class=\"e-con-inner\">\n\t\t\t\t<div class=\"elementor-element elementor-element-b86ab34 elementor-widget elementor-widget-button\" data-id=\"b86ab34\" data-element_type=\"widget\" data-widget_type=\"button.default\">\n\t\t\t\t<div class=\"elementor-widget-container\">\n\t\t\t\t\t<div class=\"elementor-button-wrapper\">\n\t\t\t<a class=\"elementor-button elementor-button-link elementor-size-sm\" href=\"https:\/\/nursefinder.fi\/en\/lahihoitajaksi-suomeen\/\">\n\t\t\t\t\t\t<span class=\"elementor-button-content-wrapper\">\n\t\t\t\t\t\t\t\t\t<span class=\"elementor-button-text\">Return<\/span>\n\t\t\t\t\t<\/span>\n\t\t\t\t\t<\/a>\n\t\t<\/div>\n\t\t\t\t<\/div>\n\t\t\t\t<\/div>\n\t\t\t\t\t<\/div>\n\t\t\t\t<\/div>\n\t\t\t\t<\/div>","protected":false},"excerpt":{"rendered":"<p>Ty\u00f6ntekij\u00e4 vastaa siit\u00e4, ett\u00e4 h\u00e4n on valmis l\u00e4htem\u00e4\u00e4n Suomeen v\u00e4litt\u00f6m\u00e4sti Intiassa suoritetun kielikoulutuksen j\u00e4lkeen tai sen j\u00e4lkeen kuuden kuukauden kuluessa nelj\u00e4n viikon varoitusajalla. Nurse Finder varaa lentoliput Suomeen ryhm\u00e4lipuna turistiluokassa. Kun ty\u00f6ntekij\u00e4 saapuu Suomeen, Nurse Finder j\u00e4rjest\u00e4\u00e4 kuljetuksen lentokent\u00e4lt\u00e4 asunnolle sek\u00e4 avustaa ty\u00f6ntekij\u00e4\u00e4 niin lakis\u00e4\u00e4teisiss\u00e4 rekister\u00f6inniss\u00e4 kuin Suomessa asumiseen ja ty\u00f6skentelyyn liittyviss\u00e4 k\u00e4yt\u00e4nn\u00f6n asioissa. Tyypillisesti [&hellip;]<\/p>","protected":false},"author":1,"featured_media":0,"parent":0,"menu_order":0,"comment_status":"closed","ping_status":"closed","template":"","meta":{"footnotes":""},"class_list":["post-88","page","type-page","status-publish","hentry"],"_links":{"self":[{"href":"https:\/\/nursefinder.fi\/en\/wp-json\/wp\/v2\/pages\/88"}],"collection":[{"href":"https:\/\/nursefinder.fi\/en\/wp-json\/wp\/v2\/pages"}],"about":[{"href":"https:\/\/nursefinder.fi\/en\/wp-json\/wp\/v2\/types\/page"}],"author":[{"embeddable":true,"href":"https:\/\/nursefinder.fi\/en\/wp-json\/wp\/v2\/users\/1"}],"replies":[{"embeddable":true,"href":"https:\/\/nursefinder.fi\/en\/wp-json\/wp\/v2\/comments?post=88"}],"version-history":[{"count":5,"href":"https:\/\/nursefinder.fi\/en\/wp-json\/wp\/v2\/pages\/88\/revisions"}],"predecessor-version":[{"id":150,"href":"https:\/\/nursefinder.fi\/en\/wp-json\/wp\/v2\/pages\/88\/revisions\/150"}],"wp:attachment":[{"href":"https:\/\/nursefinder.fi\/en\/wp-json\/wp\/v2\/media?parent=88"}],"curies":[{"name":"wp","href":"https:\/\/api.w.org\/{rel}","templated":true}]}}