{"id":76,"date":"2024-10-18T10:37:06","date_gmt":"2024-10-18T10:37:06","guid":{"rendered":"https:\/\/nursefinder.fi\/?page_id=76"},"modified":"2024-10-20T12:49:59","modified_gmt":"2024-10-20T12:49:59","slug":"patevyysvaatimukset","status":"publish","type":"page","link":"https:\/\/nursefinder.fi\/en\/patevyysvaatimukset\/","title":{"rendered":"Eligibility"},"content":{"rendered":"<div data-elementor-type=\"wp-page\" data-elementor-id=\"76\" class=\"elementor elementor-76\">\n\t\t\t\t<div class=\"elementor-element elementor-element-17f0ff80 e-flex e-con-boxed e-con e-parent\" data-id=\"17f0ff80\" data-element_type=\"container\">\n\t\t\t\t\t<div class=\"e-con-inner\">\n\t\t\t\t<div class=\"elementor-element elementor-element-1249ad36 elementor-widget elementor-widget-text-editor\" data-id=\"1249ad36\" data-element_type=\"widget\" data-widget_type=\"text-editor.default\">\n\t\t\t\t<div class=\"elementor-widget-container\">\n\t\t\t\t\t\t\t<!-- wp:paragraph -->\n<p>Nurse Finder accepts candidates who meet the following eligibility criteria:<\/p>\n<!-- \/wp:paragraph -->\n\n<!-- wp:list -->\n<ul class=\"wp-block-list\"><!-- wp:list-item -->\n<li>Indian BSc or MSc degree or GNM diploma,<\/li>\n<!-- \/wp:list-item -->\n\n<!-- wp:list-item -->\n<li>good English language skills,<\/li>\n<!-- \/wp:list-item -->\n\n<!-- wp:list-item -->\n<li>a minimum work experience of 3 years with no recent gap (more than 1 year) in the work history,<\/li>\n<!-- \/wp:list-item -->\n\n<!-- wp:list-item -->\n<li>a valid Indian nursing license.<\/li>\n<!-- \/wp:list-item --><\/ul>\n<!-- \/wp:list -->\n\n<!-- wp:paragraph -->\n<p>Nurses with an Indian nursing degree or diploma can apply to the program regardless of their current location by contacting Nurse Finder and after that filling in the background information, answering a video interview question, and uploading their CV, passport, degree certificates with mark sheets, and valid Indian nursing license in the Nurse Finder\u2019s online recruitment platform.<\/p>\n<!-- \/wp:paragraph -->\n\n<!-- wp:paragraph -->\n<p><\/p>\n<!-- \/wp:paragraph -->\t\t\t\t\t\t<\/div>\n\t\t\t\t<\/div>\n\t\t\t\t\t<\/div>\n\t\t\t\t<\/div>\n\t\t<div class=\"elementor-element elementor-element-7b76112 e-flex e-con-boxed e-con e-parent\" data-id=\"7b76112\" data-element_type=\"container\">\n\t\t\t\t\t<div class=\"e-con-inner\">\n\t\t\t\t<div class=\"elementor-element elementor-element-bbf57f2 elementor-widget elementor-widget-button\" data-id=\"bbf57f2\" data-element_type=\"widget\" data-widget_type=\"button.default\">\n\t\t\t\t<div class=\"elementor-widget-container\">\n\t\t\t\t\t<div class=\"elementor-button-wrapper\">\n\t\t\t<a class=\"elementor-button elementor-button-link elementor-size-sm\" href=\"https:\/\/nursefinder.fi\/en\/lahihoitajaksi-suomeen\/\">\n\t\t\t\t\t\t<span class=\"elementor-button-content-wrapper\">\n\t\t\t\t\t\t\t\t\t<span class=\"elementor-button-text\">Return<\/span>\n\t\t\t\t\t<\/span>\n\t\t\t\t\t<\/a>\n\t\t<\/div>\n\t\t\t\t<\/div>\n\t\t\t\t<\/div>\n\t\t\t\t\t<\/div>\n\t\t\t\t<\/div>\n\t\t\t\t<\/div>","protected":false},"excerpt":{"rendered":"<p>Nurse Finder hyv\u00e4ksyy hakijat, jotka t\u00e4ytt\u00e4v\u00e4t seuraavat kelpoisuusvaatimukset: Intialaisen yleisen k\u00e4til\u00f6n ja hoitajan (GNM) tutkinnon tai sairaanhoitajan (BSc\/MSc) tutkinnon suorittaneet hoitajat voivat hakea ohjelmaan nykyisest\u00e4 sijainnistaan \u200b\u200briippumatta ottamalla yhteytt\u00e4 Nurse Finderiin ja sen j\u00e4lkeen t\u00e4ytt\u00e4m\u00e4ll\u00e4 taustatiedot, vastaamalla videohaastattelukysymykseen ja l\u00e4hett\u00e4m\u00e4ll\u00e4 CV:ns\u00e4, passinsa, tutkintotodistuksensa, ja voimassa oleva intialaisen sairaanhoitajalisenssin Nurse Finderin rekrytointialustalla. Palaa takaisin<\/p>","protected":false},"author":1,"featured_media":0,"parent":0,"menu_order":0,"comment_status":"closed","ping_status":"closed","template":"","meta":{"footnotes":""},"class_list":["post-76","page","type-page","status-publish","hentry"],"_links":{"self":[{"href":"https:\/\/nursefinder.fi\/en\/wp-json\/wp\/v2\/pages\/76"}],"collection":[{"href":"https:\/\/nursefinder.fi\/en\/wp-json\/wp\/v2\/pages"}],"about":[{"href":"https:\/\/nursefinder.fi\/en\/wp-json\/wp\/v2\/types\/page"}],"author":[{"embeddable":true,"href":"https:\/\/nursefinder.fi\/en\/wp-json\/wp\/v2\/users\/1"}],"replies":[{"embeddable":true,"href":"https:\/\/nursefinder.fi\/en\/wp-json\/wp\/v2\/comments?post=76"}],"version-history":[{"count":5,"href":"https:\/\/nursefinder.fi\/en\/wp-json\/wp\/v2\/pages\/76\/revisions"}],"predecessor-version":[{"id":146,"href":"https:\/\/nursefinder.fi\/en\/wp-json\/wp\/v2\/pages\/76\/revisions\/146"}],"wp:attachment":[{"href":"https:\/\/nursefinder.fi\/en\/wp-json\/wp\/v2\/media?parent=76"}],"curies":[{"name":"wp","href":"https:\/\/api.w.org\/{rel}","templated":true}]}}