{"id":49,"date":"2024-10-18T07:19:43","date_gmt":"2024-10-18T07:19:43","guid":{"rendered":"https:\/\/nursefinder.fi\/?page_id=49"},"modified":"2024-10-21T10:16:32","modified_gmt":"2024-10-21T10:16:32","slug":"tyontekija","status":"publish","type":"page","link":"https:\/\/nursefinder.fi\/en\/tyontekija\/","title":{"rendered":"Employee"},"content":{"rendered":"<div data-elementor-type=\"wp-page\" data-elementor-id=\"49\" class=\"elementor elementor-49\">\n\t\t\t\t<div class=\"elementor-element elementor-element-3639fa89 e-flex e-con-boxed e-con e-parent\" data-id=\"3639fa89\" data-element_type=\"container\">\n\t\t\t\t\t<div class=\"e-con-inner\">\n\t\t\t\t<div class=\"elementor-element elementor-element-49c33973 elementor-widget elementor-widget-text-editor\" data-id=\"49c33973\" data-element_type=\"widget\" data-widget_type=\"text-editor.default\">\n\t\t\t\t<div class=\"elementor-widget-container\">\n\t\t\t\t\t\t\t<p><!-- wp:paragraph --><\/p>\n<p>Our program provides You with a healthcare job in Finland and qualifies You to become a registered practical nurse in Finland. We have compiled all the details for one commitment - you only need to learn the local language.<\/p>\n<p><!-- \/wp:paragraph --><!-- wp:paragraph --><\/p>\n<h4><strong>Local Language Skills<\/strong><\/h4>\n<p><!-- \/wp:paragraph --><!-- wp:paragraph --><\/p>\n<p>Local language skills are the prerequisite for social welfare and healthcare jobs in Europe, so also in Finland. Therefore, the candidate must fulfil the minimum language skill level B1 defined in Finland before registering as a practical nurse. The candidate is free to choose any language training provider as long as the training in Finnish and German language complies with the quality standards set for language training by the Association of Language Testers in Europe. Nurse Finder recommends <a href=\"http:\/\/www.setfoundation.in\" target=\"_blank\" rel=\"noopener\">Santrupti Education and Training Foundation<\/a>as a Finnish language training provider in India.<\/p><h4><span style=\"font-weight: bolder;\">Employment<\/span><\/h4>\n<p><!-- \/wp:paragraph --><!-- wp:paragraph --><\/p>\n<p>Nurse Finder will connect You with a local healthcare employer before or during your language studies as per your choice. You will have your employment contract in your hand latest before the relocation process is initiated. Job opportunities are immense in Europe due to the ageing population and the retirement of healthcare workers. European countries offer different pathways to healthcare jobs and local healthcare qualifications. You can read more about them in the country-specific pages. Some of the countries, like Finland, also offer an opportunity for family reunification.<\/p>\n<p><!-- \/wp:paragraph --><!-- wp:paragraph --><\/p>\n<h4><strong>Ethical and Fair Recruitment Process<\/strong><\/h4>\n<p><!-- \/wp:paragraph --><!-- wp:paragraph --><\/p>\n<p>Nurse Finder's operational practices are fair and ethical for Indian nurses as well as for our clients and business partners. We respect not only the ethical norms of European societies but also what is ethical in India. We are committed to the principles of the \u201cWHO\u2019s Global Code of Practice on the International Recruitment of Health Personnel\u201d, the \u201cGeneral Principles and Operational Guidelines for Fair Recruitment of the ILO\u201d, \"International UN Human Rights Convention\u201d, \u201cUN Guiding Principles on Business and Human Rights\", and \u201cILO Core Labour Standards\u201d, as well as the \u201cFair Recruitment Healthcare Germany\u201d quality seal in terms of our German operations. We work only with such employers and business partners who commit to the same principles. More information can be found in Nurse Finder's General Business Terms and Conditions\".<\/p>\n<p><!-- \/wp:paragraph --><!-- wp:paragraph --><\/p>\n<p>Nurse Finder's business operations are guided by the following five principles:<\/p>\n<p><!-- \/wp:paragraph --><!-- wp:paragraph --><\/p>\n<p><strong>The recruitment is free of charge for nurses:<\/strong> We do not collect any recruitment-related fees from the candidates.<\/p>\n<p><!-- \/wp:paragraph --><!-- wp:paragraph --><\/p>\n<p><strong>Transparency of information, services and costs:<\/strong> Both healthcare professionals and employers will always be able to make independent, responsible, and fully informed decisions.<\/p>\n<p><!-- \/wp:paragraph --><!-- wp:paragraph --><\/p>\n<p><strong>Sustainability and participation:<\/strong> We encourage employers to have well-structured processes and an active attitude in the recruitment process to ensure that newly recruited employees will be retained for a long time.<\/p>\n<p><!-- \/wp:paragraph --><!-- wp:paragraph --><\/p>\n<p><strong>Everything is agreed in writing:<\/strong> Contracts, conditional job offers and all other information for candidates are recorded in written form.<\/p>\n<p><!-- \/wp:paragraph --><!-- wp:paragraph --><\/p>\n<p><strong>Overall responsibility:<\/strong> We do our best to ensure that all those involved in Europe and India know the immense responsibility associated with international recruitment.<\/p>\n<p><!-- \/wp:paragraph --><!-- wp:paragraph --><\/p>\n<h4><strong>Support and Feedback<\/strong><\/h4>\n<p><!-- \/wp:paragraph --><!-- wp:paragraph --><\/p>\n<p>The same Nurse Finder team provides support and assistance in India before the relocation and one year after the employee has relocated to Finland. The Nurse Finder personnel in India and Finland can be reached by WhatsApp, phone, and e-mail within office hours. We assist a nurse with the residence permit process and all the statutory registrations in Finland.<\/p>\n<p><!-- \/wp:paragraph --><!-- wp:paragraph --><\/p>\n<p>Nurse Finder has a feedback system online. Any complaints stakeholders may have will be answered maximum within three weeks. As a healthcare professional or a representative of an employer, you just need to leave your feedback on the Contact-us page, and we will get back to you.<\/p>\n<p><!-- \/wp:paragraph --><\/p>\t\t\t\t\t\t<\/div>\n\t\t\t\t<\/div>\n\t\t\t\t\t<\/div>\n\t\t\t\t<\/div>\n\t\t\t\t<\/div>","protected":false},"excerpt":{"rendered":"<p>Tarjoamme sinulle terveydenhuollon ty\u00f6paikan Suomessa ja koulutuksen, joka oikeuttaa sinut rekister\u00f6idyksi l\u00e4hihoitajaksi. Olemme koonneet kaikki yksityiskohdat yhteen sitoumukseen &#8211; sinun tarvitsee vain oppia paikallinen kieli. Paikallinen kielitaito Paikallinen kielitaito on sosiaali- ja terveydenhuoltoalan ty\u00f6paikkojen edellytys Euroopassa, niin my\u00f6s Suomessa. Siksi hakijan tulee t\u00e4ytt\u00e4\u00e4 Suomessa m\u00e4\u00e4ritelty minimikielitaitotaso B1 ennen rekister\u00f6itymist\u00e4 l\u00e4hihoitajaksi. Hakija voi vapaasti valita mink\u00e4 [&hellip;]<\/p>","protected":false},"author":1,"featured_media":0,"parent":0,"menu_order":0,"comment_status":"closed","ping_status":"closed","template":"","meta":{"footnotes":""},"class_list":["post-49","page","type-page","status-publish","hentry"],"_links":{"self":[{"href":"https:\/\/nursefinder.fi\/en\/wp-json\/wp\/v2\/pages\/49"}],"collection":[{"href":"https:\/\/nursefinder.fi\/en\/wp-json\/wp\/v2\/pages"}],"about":[{"href":"https:\/\/nursefinder.fi\/en\/wp-json\/wp\/v2\/types\/page"}],"author":[{"embeddable":true,"href":"https:\/\/nursefinder.fi\/en\/wp-json\/wp\/v2\/users\/1"}],"replies":[{"embeddable":true,"href":"https:\/\/nursefinder.fi\/en\/wp-json\/wp\/v2\/comments?post=49"}],"version-history":[{"count":22,"href":"https:\/\/nursefinder.fi\/en\/wp-json\/wp\/v2\/pages\/49\/revisions"}],"predecessor-version":[{"id":203,"href":"https:\/\/nursefinder.fi\/en\/wp-json\/wp\/v2\/pages\/49\/revisions\/203"}],"wp:attachment":[{"href":"https:\/\/nursefinder.fi\/en\/wp-json\/wp\/v2\/media?parent=49"}],"curies":[{"name":"wp","href":"https:\/\/api.w.org\/{rel}","templated":true}]}}