{"id":184,"date":"2024-10-20T15:03:59","date_gmt":"2024-10-20T15:03:59","guid":{"rendered":"https:\/\/nursefinder.fi\/?page_id=184"},"modified":"2024-10-20T15:05:08","modified_gmt":"2024-10-20T15:05:08","slug":"ota-yhteytta","status":"publish","type":"page","link":"https:\/\/nursefinder.fi\/en\/ota-yhteytta\/","title":{"rendered":"Contact us"},"content":{"rendered":"<div data-elementor-type=\"wp-page\" data-elementor-id=\"184\" class=\"elementor elementor-184\">\n\t\t\t\t<div class=\"elementor-element elementor-element-5ec24a2 e-flex e-con-boxed e-con e-parent\" data-id=\"5ec24a2\" data-element_type=\"container\">\n\t\t\t\t\t<div class=\"e-con-inner\">\n\t\t\t\t<div class=\"elementor-element elementor-element-8a8e604 elementor-widget elementor-widget-text-editor\" data-id=\"8a8e604\" data-element_type=\"widget\" data-widget_type=\"text-editor.default\">\n\t\t\t\t<div class=\"elementor-widget-container\">\n\t\t\t\t\t\t\t<p>Nurse Finder Oy<\/p><p>Kylv\u00e4j\u00e4ntie 15 C, 47400 Kausala<\/p><p>info@nursefinder.fi, +358 44 240 3800<\/p><p>You can give feedback to us by filling in <a href=\"https:\/\/nursefinderindia.com\/contact\/\" target=\"_blank\" rel=\"noopener\">the following form.<\/a>.<\/p>\t\t\t\t\t\t<\/div>\n\t\t\t\t<\/div>\n\t\t\t\t\t<\/div>\n\t\t\t\t<\/div>\n\t\t\t\t<\/div>","protected":false},"excerpt":{"rendered":"<p>Nurse Finder Oy Kylv\u00e4j\u00e4ntie 15 C, 47400 Kausala info@nursefinder.fi, +358 44 240 3800 Voit antaa palutetta toiminnastamme j\u00e4tt\u00e4m\u00e4ll\u00e4 viestin oheisella lomakkeella.<\/p>","protected":false},"author":1,"featured_media":0,"parent":0,"menu_order":0,"comment_status":"closed","ping_status":"closed","template":"","meta":{"footnotes":""},"class_list":["post-184","page","type-page","status-publish","hentry"],"_links":{"self":[{"href":"https:\/\/nursefinder.fi\/en\/wp-json\/wp\/v2\/pages\/184"}],"collection":[{"href":"https:\/\/nursefinder.fi\/en\/wp-json\/wp\/v2\/pages"}],"about":[{"href":"https:\/\/nursefinder.fi\/en\/wp-json\/wp\/v2\/types\/page"}],"author":[{"embeddable":true,"href":"https:\/\/nursefinder.fi\/en\/wp-json\/wp\/v2\/users\/1"}],"replies":[{"embeddable":true,"href":"https:\/\/nursefinder.fi\/en\/wp-json\/wp\/v2\/comments?post=184"}],"version-history":[{"count":7,"href":"https:\/\/nursefinder.fi\/en\/wp-json\/wp\/v2\/pages\/184\/revisions"}],"predecessor-version":[{"id":191,"href":"https:\/\/nursefinder.fi\/en\/wp-json\/wp\/v2\/pages\/184\/revisions\/191"}],"wp:attachment":[{"href":"https:\/\/nursefinder.fi\/en\/wp-json\/wp\/v2\/media?parent=184"}],"curies":[{"name":"wp","href":"https:\/\/api.w.org\/{rel}","templated":true}]}}