{"id":17,"date":"2024-10-16T12:29:22","date_gmt":"2024-10-16T12:29:22","guid":{"rendered":"https:\/\/nursefinder.fi\/?page_id=17"},"modified":"2024-10-21T08:57:45","modified_gmt":"2024-10-21T08:57:45","slug":"intialaisia-hoitoalan-ammattilaisia-suomeen","status":"publish","type":"page","link":"https:\/\/nursefinder.fi\/en\/","title":{"rendered":"Healthcare professionals from India"},"content":{"rendered":"<div data-elementor-type=\"wp-page\" data-elementor-id=\"17\" class=\"elementor elementor-17\">\n\t\t\t\t<div class=\"elementor-element elementor-element-269d16f e-flex e-con-boxed e-con e-parent\" data-id=\"269d16f\" data-element_type=\"container\">\n\t\t\t\t\t<div class=\"e-con-inner\">\n\t\t<div class=\"elementor-element elementor-element-e4f181c e-con-full e-flex e-con e-child\" data-id=\"e4f181c\" data-element_type=\"container\">\n\t\t\t\t<div class=\"elementor-element elementor-element-bf97502 elementor-widget elementor-widget-image\" data-id=\"bf97502\" data-element_type=\"widget\" data-widget_type=\"image.default\">\n\t\t\t\t<div class=\"elementor-widget-container\">\n\t\t\t\t\t\t\t\t\t\t\t\t\t<img fetchpriority=\"high\" decoding=\"async\" width=\"1024\" height=\"1024\" src=\"https:\/\/nursefinder.fi\/wp-content\/uploads\/2024\/10\/Nurse-with-client-square-1024x1024.jpg\" class=\"attachment-large size-large wp-image-20\" alt=\"\" srcset=\"https:\/\/nursefinder.fi\/wp-content\/uploads\/2024\/10\/Nurse-with-client-square-1024x1024.jpg 1024w, https:\/\/nursefinder.fi\/wp-content\/uploads\/2024\/10\/Nurse-with-client-square-300x300.jpg 300w, https:\/\/nursefinder.fi\/wp-content\/uploads\/2024\/10\/Nurse-with-client-square-150x150.jpg 150w, https:\/\/nursefinder.fi\/wp-content\/uploads\/2024\/10\/Nurse-with-client-square-768x769.jpg 768w, https:\/\/nursefinder.fi\/wp-content\/uploads\/2024\/10\/Nurse-with-client-square.jpg 1124w\" sizes=\"(max-width: 1024px) 100vw, 1024px\" \/>\t\t\t\t\t\t\t\t\t\t\t\t\t<\/div>\n\t\t\t\t<\/div>\n\t\t\t\t<\/div>\n\t\t<div class=\"elementor-element elementor-element-ffca8e7 e-con-full e-flex e-con e-child\" data-id=\"ffca8e7\" data-element_type=\"container\">\n\t\t<div class=\"elementor-element elementor-element-e24b75f e-con-full e-flex e-con e-child\" data-id=\"e24b75f\" data-element_type=\"container\">\n\t\t\t\t<div class=\"elementor-element elementor-element-e776b02 elementor-widget elementor-widget-heading\" data-id=\"e776b02\" data-element_type=\"widget\" data-widget_type=\"heading.default\">\n\t\t\t\t<div class=\"elementor-widget-container\">\n\t\t\t<h4 class=\"elementor-heading-title elementor-size-default\">EMPLOYER<\/h4>\t\t<\/div>\n\t\t\t\t<\/div>\n\t\t\t\t<\/div>\n\t\t<div class=\"elementor-element elementor-element-16e8881 e-con-full e-flex e-con e-child\" data-id=\"16e8881\" data-element_type=\"container\">\n\t\t\t\t<div class=\"elementor-element elementor-element-b5e7815 elementor-widget elementor-widget-text-editor\" data-id=\"b5e7815\" data-element_type=\"widget\" data-widget_type=\"text-editor.default\">\n\t\t\t\t<div class=\"elementor-widget-container\">\n\t\t\t\t\t\t\t<p>We are Your Solution for International Recruitment<\/p><p>Nurse Finder\u2019s end-to-end personnel solution and skilled Indian healthcare professionals allow you to focus on your core mission, providing high-quality healthcare services to your customers.<\/p><p>We specialise in international recruitment from India which offers an ethical recruitment location for Finnish and European healthcare employers committed to fair recruitment.<\/p>\t\t\t\t\t\t<\/div>\n\t\t\t\t<\/div>\n\t\t\t\t<\/div>\n\t\t<div class=\"elementor-element elementor-element-36056a1 e-con-full e-flex e-con e-child\" data-id=\"36056a1\" data-element_type=\"container\">\n\t\t\t\t<div class=\"elementor-element elementor-element-56e0e60 elementor-widget__width-initial elementor-widget elementor-widget-button\" data-id=\"56e0e60\" data-element_type=\"widget\" data-widget_type=\"button.default\">\n\t\t\t\t<div class=\"elementor-widget-container\">\n\t\t\t\t\t<div class=\"elementor-button-wrapper\">\n\t\t\t<a class=\"elementor-button elementor-button-link elementor-size-sm\" href=\"https:\/\/nursefinder.fi\/en\/tyonantaja\/\">\n\t\t\t\t\t\t<span class=\"elementor-button-content-wrapper\">\n\t\t\t\t\t\t\t\t\t<span class=\"elementor-button-text\">Read more<\/span>\n\t\t\t\t\t<\/span>\n\t\t\t\t\t<\/a>\n\t\t<\/div>\n\t\t\t\t<\/div>\n\t\t\t\t<\/div>\n\t\t\t\t<\/div>\n\t\t\t\t<\/div>\n\t\t\t\t\t<\/div>\n\t\t\t\t<\/div>\n\t\t<div class=\"elementor-element elementor-element-e14ee71 e-con-full e-flex e-con e-parent\" data-id=\"e14ee71\" data-element_type=\"container\">\n\t\t<div class=\"elementor-element elementor-element-196e52e e-con-full e-flex e-con e-child\" data-id=\"196e52e\" data-element_type=\"container\">\n\t\t<div class=\"elementor-element elementor-element-97e2ece e-con-full e-flex e-con e-child\" data-id=\"97e2ece\" data-element_type=\"container\">\n\t\t\t\t<div class=\"elementor-element elementor-element-7d8d35e elementor-widget elementor-widget-heading\" data-id=\"7d8d35e\" data-element_type=\"widget\" data-widget_type=\"heading.default\">\n\t\t\t\t<div class=\"elementor-widget-container\">\n\t\t\t<h4 class=\"elementor-heading-title elementor-size-default\">HEALTHCARE PROFESSIONAL<\/h4>\t\t<\/div>\n\t\t\t\t<\/div>\n\t\t\t\t<\/div>\n\t\t<div class=\"elementor-element elementor-element-474d135 e-con-full e-flex e-con e-child\" data-id=\"474d135\" data-element_type=\"container\">\n\t\t\t\t<div class=\"elementor-element elementor-element-a0dd993 elementor-widget elementor-widget-text-editor\" data-id=\"a0dd993\" data-element_type=\"widget\" data-widget_type=\"text-editor.default\">\n\t\t\t\t<div class=\"elementor-widget-container\">\n\t\t\t\t\t\t\t<p>Only One Commitment is Needed<\/p><p>Our program provides You with a healthcare job in Finland and qualifies You to become a registered practical nurse or other healthcare professional in Finland. We have compiled all the details for one commitment - you only need to learn the local language.<\/p>\t\t\t\t\t\t<\/div>\n\t\t\t\t<\/div>\n\t\t\t\t<div class=\"elementor-element elementor-element-8807185 elementor-widget__width-initial elementor-widget elementor-widget-button\" data-id=\"8807185\" data-element_type=\"widget\" data-widget_type=\"button.default\">\n\t\t\t\t<div class=\"elementor-widget-container\">\n\t\t\t\t\t<div class=\"elementor-button-wrapper\">\n\t\t\t<a class=\"elementor-button elementor-button-link elementor-size-sm\" href=\"https:\/\/nursefinder.fi\/en\/tyontekija\/\">\n\t\t\t\t\t\t<span class=\"elementor-button-content-wrapper\">\n\t\t\t\t\t\t\t\t\t<span class=\"elementor-button-text\">Read more<\/span>\n\t\t\t\t\t<\/span>\n\t\t\t\t\t<\/a>\n\t\t<\/div>\n\t\t\t\t<\/div>\n\t\t\t\t<\/div>\n\t\t\t\t<\/div>\n\t\t\t\t<\/div>\n\t\t\t\t<div class=\"elementor-element elementor-element-fdf7d31 elementor-widget elementor-widget-image\" data-id=\"fdf7d31\" data-element_type=\"widget\" data-widget_type=\"image.default\">\n\t\t\t\t<div class=\"elementor-widget-container\">\n\t\t\t\t\t\t\t\t\t\t\t\t\t<img decoding=\"async\" width=\"1024\" height=\"1024\" src=\"https:\/\/nursefinder.fi\/wp-content\/uploads\/2024\/10\/Nurse-in-Helsinki-square-1024x1024.png\" class=\"attachment-large size-large wp-image-19\" alt=\"\" srcset=\"https:\/\/nursefinder.fi\/wp-content\/uploads\/2024\/10\/Nurse-in-Helsinki-square-1024x1024.png 1024w, https:\/\/nursefinder.fi\/wp-content\/uploads\/2024\/10\/Nurse-in-Helsinki-square-300x300.png 300w, https:\/\/nursefinder.fi\/wp-content\/uploads\/2024\/10\/Nurse-in-Helsinki-square-150x150.png 150w, https:\/\/nursefinder.fi\/wp-content\/uploads\/2024\/10\/Nurse-in-Helsinki-square-768x768.png 768w, https:\/\/nursefinder.fi\/wp-content\/uploads\/2024\/10\/Nurse-in-Helsinki-square.png 1125w\" sizes=\"(max-width: 1024px) 100vw, 1024px\" \/>\t\t\t\t\t\t\t\t\t\t\t\t\t<\/div>\n\t\t\t\t<\/div>\n\t\t\t\t<\/div>\n\t\t<div class=\"elementor-element elementor-element-9329def e-flex e-con-boxed e-con e-parent\" data-id=\"9329def\" data-element_type=\"container\">\n\t\t\t\t\t<div class=\"e-con-inner\">\n\t\t\t\t\t<\/div>\n\t\t\t\t<\/div>\n\t\t\t\t<\/div>","protected":false},"excerpt":{"rendered":"<p>TY\u00d6NANTAJA Olemme ratkaisusi kansainv\u00e4liseen SOTE-alan rekrytointiin Nurse Finderin kokonaisvaltaisen rekrytointipalvelun ja ammattitaitoisten intialaisten terveydenhuollon ammattilaisten avulla voit keskitty\u00e4 ydinteht\u00e4v\u00e4\u00e4si &#8211; tarjoamaan laadukkaita terveydenhuoltopalveluita asiakkaillesi. Olemme erikoistuneet kansainv\u00e4liseen SOTE-alan rekrytointiin Intiasta, joka tarjoaa eettisen rekrytointikohteen reiluun rekrytointiin sitoutuneille suomalaisille ja eurooppalaisille terveydenhuollon ty\u00f6nantajille. Lue lis\u00e4\u00e4 HOITOALAN AMMATTILAINEN Vain yksi sitoumus tarvitaan Tarjoamme sinulle terveydenhuollon ty\u00f6paikan Suomessa [&hellip;]<\/p>","protected":false},"author":1,"featured_media":0,"parent":0,"menu_order":0,"comment_status":"closed","ping_status":"closed","template":"","meta":{"footnotes":""},"class_list":["post-17","page","type-page","status-publish","hentry"],"_links":{"self":[{"href":"https:\/\/nursefinder.fi\/en\/wp-json\/wp\/v2\/pages\/17"}],"collection":[{"href":"https:\/\/nursefinder.fi\/en\/wp-json\/wp\/v2\/pages"}],"about":[{"href":"https:\/\/nursefinder.fi\/en\/wp-json\/wp\/v2\/types\/page"}],"author":[{"embeddable":true,"href":"https:\/\/nursefinder.fi\/en\/wp-json\/wp\/v2\/users\/1"}],"replies":[{"embeddable":true,"href":"https:\/\/nursefinder.fi\/en\/wp-json\/wp\/v2\/comments?post=17"}],"version-history":[{"count":20,"href":"https:\/\/nursefinder.fi\/en\/wp-json\/wp\/v2\/pages\/17\/revisions"}],"predecessor-version":[{"id":196,"href":"https:\/\/nursefinder.fi\/en\/wp-json\/wp\/v2\/pages\/17\/revisions\/196"}],"wp:attachment":[{"href":"https:\/\/nursefinder.fi\/en\/wp-json\/wp\/v2\/media?parent=17"}],"curies":[{"name":"wp","href":"https:\/\/api.w.org\/{rel}","templated":true}]}}